{"id":16,"date":"2014-11-03T14:39:03","date_gmt":"2014-11-03T12:39:03","guid":{"rendered":"http:\/\/www.stv-rethel.de\/wordpress\/?page_id=16"},"modified":"2026-02-21T11:57:20","modified_gmt":"2026-02-21T10:57:20","slug":"basketball","status":"publish","type":"page","link":"https:\/\/www.stv-rethel.de\/wordpress\/sport\/basketball\/","title":{"rendered":"Basketball"},"content":{"rendered":"<div id=\"pl-16\"  class=\"panel-layout\" ><div id=\"pg-16-0\"  class=\"panel-grid panel-no-style\" ><div id=\"pgc-16-0-0\"  class=\"panel-grid-cell\" ><div id=\"panel-16-0-0-0\" class=\"so-panel widget widget_sow-editor panel-first-child panel-last-child\" data-index=\"0\" ><div\n\t\t\t\n\t\t\tclass=\"so-widget-sow-editor so-widget-sow-editor-base\"\n\t\t\t\n\t\t>\n<div class=\"siteorigin-widget-tinymce textwidget\">\n\t<p>Basketball - Teamsport pur!<\/p>\n<p>Begriffe wie Layup, Rebound, Assist, Steal und \"Block stellen\" oder \"Zone spielen\" sind kein Neuland f\u00fcr dich?<\/p>\n<p>Dann k\u00f6nnte eine Probeeinheit bei unserer Herrenmannschaft das Richtige f\u00fcr dich sein. Wenn du eine M\u00f6glichkeit suchst, dich zuk\u00fcnftig zweimal pro Woche auszupowern, dann frage gerne die Teilnahme an einem unverbindlichen Probetraining bei der unten aufgef\u00fchrten Kontaktperson an.<\/p>\n<p><strong>2 Einheiten pro Woche: Erwachsenen-Herrenteam am Dienstag und Freitag<\/strong><\/p>\n<p>F\u00fcr ca. 2 Stunden verbinden wir jeden Dienstag und Freitag Abend Einsatzbereitschaft (ohne zu \u00fcbertreiben) mit Spa\u00df am Teamsport. Und nicht selten g\u00f6nnen wir uns nach einer Einheit (meistens freitags) noch ein Kaltgetr\u00e4nk beim Kiosk ums Eck. \ud83d\ude09<\/p>\n<p>In unserer Herrenmannschaft f\u00fcr Erwachsene sind die Spieler zwischen 20 und 50 Jahre alt. Derzeit wird in keiner Liga mitgespielt, hin und wieder organisieren wir Freundschafts-\/Testspiele gegen andere Teams aus der Umgebung.<\/p>\n<p><strong>Info:<\/strong><br \/>\nWir sind alle keine 2-Meter-H\u00fcnen und vom \"Egozocken\" halten wir nichts. Zumindest die Grundregeln des Basketballsports sollten dir aber bekannt sein.<\/p>\n<p>Wenn Du Fragen hast oder dich zu einer Probeeinheit anmelden willst, wende dich gerne direkt an den entsprechenden \u00dcbungsleiter:<\/p>\n<\/div>\n<\/div><\/div><\/div><\/div><div id=\"pg-16-1\"  class=\"panel-grid panel-no-style\" ><div id=\"pgc-16-1-0\"  class=\"panel-grid-cell\" ><div id=\"panel-16-1-0-0\" class=\"so-panel widget widget_media_image panel-first-child panel-last-child\" data-index=\"1\" ><h3 class=\"widget-title\">Herrenteam am Dienstag und Freitag<\/h3><img loading=\"lazy\" decoding=\"async\" width=\"300\" height=\"300\" src=\"https:\/\/www.stv-rethel.de\/wordpress\/wp-content\/uploads\/2014\/11\/LogoSTV-300x300.png\" class=\"image wp-image-1256  attachment-medium size-medium\" alt=\"\" style=\"max-width: 100%; height: auto;\" srcset=\"https:\/\/www.stv-rethel.de\/wordpress\/wp-content\/uploads\/2014\/11\/LogoSTV-300x300.png 300w, https:\/\/www.stv-rethel.de\/wordpress\/wp-content\/uploads\/2014\/11\/LogoSTV-150x150.png 150w, https:\/\/www.stv-rethel.de\/wordpress\/wp-content\/uploads\/2014\/11\/LogoSTV-768x766.png 768w, https:\/\/www.stv-rethel.de\/wordpress\/wp-content\/uploads\/2014\/11\/LogoSTV-1024x1022.png 1024w, https:\/\/www.stv-rethel.de\/wordpress\/wp-content\/uploads\/2014\/11\/LogoSTV.png 1503w\" sizes=\"auto, (max-width: 300px) 100vw, 300px\" \/><\/div><\/div><\/div><div id=\"pg-16-2\"  class=\"panel-grid panel-no-style\" ><div id=\"pgc-16-2-0\"  class=\"panel-grid-cell\" ><div id=\"panel-16-2-0-0\" class=\"so-panel widget widget_googlemapswidget google-maps-widget panel-first-child panel-last-child\" data-index=\"2\"><h3 class=\"widget-title\">Dienstag von 20 &#8211; 22 Uhr<\/h3><p>Sporthalle<br \/>\ndes Leibniz Gymnasium<br \/>\nJ\u00fclicher Str. 29<\/p>\n<p><a data-gmw-id=\"widget-2-0-0\" class=\"gmw-thumbnail-map gmw-lightbox-enabled\" href=\"#gmw-dialog-widget-2-0-0\"><img loading=\"lazy\" decoding=\"async\" width=\"250\" height=\"250\" alt=\"Klicken, um eine gr\u00f6\u00dfere Karte zu \u00f6ffnen\" title=\"Klicken, um eine gr\u00f6\u00dfere Karte zu \u00f6ffnen\" src=\"\/\/maps.googleapis.com\/maps\/api\/staticmap?key=AIzaSyCk5ucpD662Ntvjy2G9Eoixv4oNSG7R6cU&amp;scale=1&amp;format=png&amp;zoom=13&amp;size=250x250&amp;language=en&amp;maptype=roadmap&amp;markers=size%3Adefault%7Ccolor%3A0xff0000%7Clabel%3AA%7CJ%C3%BClicher+Str.+29%2C+40477+D%C3%BCsseldorf&amp;center=J%C3%BClicher+Str.+29%2C+40477+D%C3%BCsseldorf\"><\/a><\/p><p>zum Vergr\u00f6\u00dfern anklicken<\/p>\n<\/div><\/div><div id=\"pgc-16-2-1\"  class=\"panel-grid-cell\" ><div id=\"panel-16-2-1-0\" class=\"so-panel widget widget_sow-editor panel-first-child panel-last-child\" data-index=\"3\" ><div\n\t\t\t\n\t\t\tclass=\"so-widget-sow-editor so-widget-sow-editor-base\"\n\t\t\t\n\t\t>\n<div class=\"siteorigin-widget-tinymce textwidget\">\n\t<p><b><span style=\"font-size: small;\">Markus Sliwka<\/span><\/b><span style=\"font-size: small;\">,<br \/>\nAnsprechpartner Herrenteam<\/span><\/p>\n<p><b>Telefon:<\/b><br \/>\n0178 - 8840 703<br \/>\nemail: <a style=\"color: #000000;\" href=\"mailto:Markus@stv-rethel.de\">Markus@stv-rethel.de<\/a><\/p>\n<\/div>\n<\/div><\/div><\/div><div id=\"pgc-16-2-2\"  class=\"panel-grid-cell\" ><div id=\"panel-16-2-2-0\" class=\"so-panel widget widget_googlemapswidget google-maps-widget panel-first-child panel-last-child\" data-index=\"4\"><h3 class=\"widget-title\">Freitag von 19 &#8211; 21 Uhr<\/h3><p>Sporthalle<br \/>\ndes Leibniz Gymnasium<br \/>\nJ\u00fclicher Str. 29<\/p>\n<p><a data-gmw-id=\"widget-2-2-0\" class=\"gmw-thumbnail-map gmw-lightbox-enabled\" href=\"#gmw-dialog-widget-2-2-0\"><img loading=\"lazy\" decoding=\"async\" width=\"250\" height=\"250\" alt=\"Klicken, um eine gr\u00f6\u00dfere Karte zu \u00f6ffnen\" title=\"Klicken, um eine gr\u00f6\u00dfere Karte zu \u00f6ffnen\" src=\"\/\/maps.googleapis.com\/maps\/api\/staticmap?key=AIzaSyCk5ucpD662Ntvjy2G9Eoixv4oNSG7R6cU&amp;scale=1&amp;format=png&amp;zoom=13&amp;size=250x250&amp;language=en&amp;maptype=roadmap&amp;markers=size%3Adefault%7Ccolor%3A0xff0000%7Clabel%3AA%7CJ%C3%BClicher+Str.+29%2C+40477+D%C3%BCsseldorf&amp;center=J%C3%BClicher+Str.+29%2C+40477+D%C3%BCsseldorf\"><\/a><\/p><p>zum Vergr\u00f6\u00dfern anklicken<\/p>\n<\/div><\/div><div id=\"pgc-16-2-3\"  class=\"panel-grid-cell\" ><div id=\"panel-16-2-3-0\" class=\"so-panel widget widget_sow-editor panel-first-child panel-last-child\" data-index=\"5\" ><div\n\t\t\t\n\t\t\tclass=\"so-widget-sow-editor so-widget-sow-editor-base\"\n\t\t\t\n\t\t>\n<div class=\"siteorigin-widget-tinymce textwidget\">\n\t<p><b><span style=\"font-size: small;\">Markus Sliwka<\/span><\/b><span style=\"font-size: small;\">,<br \/>\nAnsprechpartner Herrenmannschaft<\/span><\/p>\n<p><b>Telefon:<\/b><br \/>\n0178 - 8840 703<br \/>\nemail: <a style=\"color: #000000;\" href=\"mailto:Markus@stv-rethel.de\">Markus@stv-rethel.de<\/a><\/p>\n<\/div>\n<\/div><\/div><\/div><\/div><div id=\"pg-16-3\"  class=\"panel-grid panel-no-style\" ><div id=\"pgc-16-3-0\"  class=\"panel-grid-cell\" ><div id=\"panel-16-3-0-0\" class=\"so-panel widget widget_media_image panel-first-child panel-last-child\" data-index=\"6\" ><h3 class=\"widget-title\">Teilnahme am Kreisligabetrieb in der Saison 2018\/19<\/h3><img loading=\"lazy\" decoding=\"async\" width=\"210\" height=\"300\" src=\"https:\/\/www.stv-rethel.de\/wordpress\/wp-content\/uploads\/2014\/11\/LogoUnity-210x300.png\" class=\"image wp-image-1257  attachment-medium size-medium\" alt=\"\" style=\"max-width: 100%; height: auto;\" srcset=\"https:\/\/www.stv-rethel.de\/wordpress\/wp-content\/uploads\/2014\/11\/LogoUnity-210x300.png 210w, https:\/\/www.stv-rethel.de\/wordpress\/wp-content\/uploads\/2014\/11\/LogoUnity-718x1024.png 718w, https:\/\/www.stv-rethel.de\/wordpress\/wp-content\/uploads\/2014\/11\/LogoUnity.png 750w\" sizes=\"auto, (max-width: 210px) 100vw, 210px\" \/><\/div><\/div><div id=\"pgc-16-3-1\"  class=\"panel-grid-cell\" ><div id=\"panel-16-3-1-0\" class=\"so-panel widget widget_media_image panel-first-child panel-last-child\" data-index=\"7\" ><h3 class=\"widget-title\">Team Unity<\/h3><img loading=\"lazy\" decoding=\"async\" width=\"720\" height=\"539\" src=\"https:\/\/www.stv-rethel.de\/wordpress\/wp-content\/uploads\/2014\/11\/TeamUnityWebsite-1024x767.png\" class=\"image wp-image-1312  attachment-large size-large\" alt=\"\" style=\"max-width: 100%; height: auto;\" srcset=\"https:\/\/www.stv-rethel.de\/wordpress\/wp-content\/uploads\/2014\/11\/TeamUnityWebsite-1024x767.png 1024w, https:\/\/www.stv-rethel.de\/wordpress\/wp-content\/uploads\/2014\/11\/TeamUnityWebsite-300x225.png 300w, https:\/\/www.stv-rethel.de\/wordpress\/wp-content\/uploads\/2014\/11\/TeamUnityWebsite-768x576.png 768w, https:\/\/www.stv-rethel.de\/wordpress\/wp-content\/uploads\/2014\/11\/TeamUnityWebsite.png 1600w\" sizes=\"auto, (max-width: 720px) 100vw, 720px\" \/><\/div><\/div><\/div><\/div>","protected":false},"excerpt":{"rendered":"<p>Basketball &#8211; Teamsport pur! Begriffe wie Layup, Rebound, Assist, Steal und &#8222;Block stellen&#8220; oder &#8222;Zone spielen&#8220; sind kein Neuland f\u00fcr dich? Dann k\u00f6nnte eine Probeeinheit bei unserer Herrenmannschaft das Richtige f\u00fcr dich sein. Wenn du eine M\u00f6glichkeit suchst, dich zuk\u00fcnftig zweimal pro Woche auszupowern, dann frage gerne die Teilnahme an einem unverbindlichen Probetraining bei der [&hellip;]<\/p>\n","protected":false},"author":1,"featured_media":0,"parent":9,"menu_order":2,"comment_status":"closed","ping_status":"closed","template":"templates\/template-full.php","meta":{"footnotes":""},"class_list":["post-16","page","type-page","status-publish","hentry","post"],"_links":{"self":[{"href":"https:\/\/www.stv-rethel.de\/wordpress\/wp-json\/wp\/v2\/pages\/16","targetHints":{"allow":["GET"]}}],"collection":[{"href":"https:\/\/www.stv-rethel.de\/wordpress\/wp-json\/wp\/v2\/pages"}],"about":[{"href":"https:\/\/www.stv-rethel.de\/wordpress\/wp-json\/wp\/v2\/types\/page"}],"author":[{"embeddable":true,"href":"https:\/\/www.stv-rethel.de\/wordpress\/wp-json\/wp\/v2\/users\/1"}],"replies":[{"embeddable":true,"href":"https:\/\/www.stv-rethel.de\/wordpress\/wp-json\/wp\/v2\/comments?post=16"}],"version-history":[{"count":99,"href":"https:\/\/www.stv-rethel.de\/wordpress\/wp-json\/wp\/v2\/pages\/16\/revisions"}],"predecessor-version":[{"id":1695,"href":"https:\/\/www.stv-rethel.de\/wordpress\/wp-json\/wp\/v2\/pages\/16\/revisions\/1695"}],"up":[{"embeddable":true,"href":"https:\/\/www.stv-rethel.de\/wordpress\/wp-json\/wp\/v2\/pages\/9"}],"wp:attachment":[{"href":"https:\/\/www.stv-rethel.de\/wordpress\/wp-json\/wp\/v2\/media?parent=16"}],"curies":[{"name":"wp","href":"https:\/\/api.w.org\/{rel}","templated":true}]}}