{"id":22,"date":"2014-11-03T14:42:58","date_gmt":"2014-11-03T12:42:58","guid":{"rendered":"http:\/\/www.stv-rethel.de\/wordpress\/?page_id=22"},"modified":"2024-12-26T20:07:27","modified_gmt":"2024-12-26T19:07:27","slug":"mitgliedsbeitraege","status":"publish","type":"page","link":"https:\/\/www.stv-rethel.de\/wordpress\/mitgliedsbeitraege\/","title":{"rendered":"Mitgliedsbeitr\u00e4ge"},"content":{"rendered":"<div id=\"pl-22\"  class=\"panel-layout\" ><div id=\"pg-22-0\"  class=\"panel-grid panel-no-style\" ><div id=\"pgc-22-0-0\"  class=\"panel-grid-cell\" ><div id=\"panel-22-0-0-0\" class=\"so-panel widget widget_sow-price-table panel-first-child panel-last-child\" data-index=\"0\" ><div class=\"panel-widget-style panel-widget-style-for-22-0-0-0\" ><div\n\t\t\t\n\t\t\tclass=\"so-widget-sow-price-table so-widget-sow-price-table-atom-ba70911ce821-22\"\n\t\t\t\n\t\t>\n\n<div class=\"ow-pt-columns-atom\">\n\n\t\t\t<div class=\"ow-pt-column ow-pt-first ow-pt-featured ow-pt-even\"\n\t\t\tstyle=\"width: 33.333%\">\n\t\t\t<div class=\"ow-pt-title\">\n\t\t\t\tAktive Mitglieder\t\t\t\t\t\t\t\t\t<div class=\"ow-pt-subtitle\">\n\t\t\t\t\t\tzzgl. Aufnahmegeb\u00fchr 10 \u20ac\t\t\t\t\t<\/div>\n\t\t\t\t\t\t\t<\/div>\n\n\t\t\t<div class=\"ow-pt-details\">\n\t\t\t\t<div class=\"ow-pt-price\">\n\t\t\t\t\t60 \u20ac \/ Jahr\t\t\t\t<\/div>\n\t\t\t\t\t\t\t\t<div class=\"ow-pt-per\"><\/div>\n\t\t\t<\/div>\n\n\t\t\t\n\t\t\t<div class=\"ow-pt-features\">\n\t\t\t\t\t\t\t<\/div>\n\n\t\t\t\t\t\t\t<div class=\"ow-pt-button\">\n\t\t\t\t\t<a\n\t\t\t\t\t\thref=\"http:\/\/www.stv-rethel.de\/wordpress\/wp-content\/uploads\/2024\/12\/Aufnahmeantrag-Datenschutz.pdf\"\n\t\t\t\t\t\tclass=\"ow-pt-link\" target=\"_blank\" rel=\"noopener noreferrer\" \t\t\t\t\t>zum Aufnahmeantrag<\/a>\n\t\t\t\t<\/div>\n\t\t\t\t\t<\/div>\n\t\t\t\t<div class=\"ow-pt-column ow-pt-featured ow-pt-odd\"\n\t\t\tstyle=\"width: 33.333%\">\n\t\t\t<div class=\"ow-pt-title\">\n\t\t\t\tSch\u00fcler, Studenten, Azubis, Rentner und Arbeitslose\t\t\t\t\t\t\t\t\t<div class=\"ow-pt-subtitle\">\n\t\t\t\t\t\tzzgl. Aufnahmegeb\u00fchr 10 \u20ac\t\t\t\t\t<\/div>\n\t\t\t\t\t\t\t<\/div>\n\n\t\t\t<div class=\"ow-pt-details\">\n\t\t\t\t<div class=\"ow-pt-price\">\n\t\t\t\t\t30 \u20ac \/ Jahr\t\t\t\t<\/div>\n\t\t\t\t\t\t\t\t<div class=\"ow-pt-per\"><\/div>\n\t\t\t<\/div>\n\n\t\t\t\n\t\t\t<div class=\"ow-pt-features\">\n\t\t\t\t\t\t\t<\/div>\n\n\t\t\t\t\t\t\t<div class=\"ow-pt-button\">\n\t\t\t\t\t<a\n\t\t\t\t\t\thref=\"http:\/\/www.stv-rethel.de\/wordpress\/wp-content\/uploads\/2024\/12\/Aufnahmeantrag-Datenschutz.pdf\"\n\t\t\t\t\t\tclass=\"ow-pt-link\" target=\"_blank\" rel=\"noopener noreferrer\" \t\t\t\t\t>zum Aufnahmeantrag<\/a>\n\t\t\t\t<\/div>\n\t\t\t\t\t<\/div>\n\t\t\t\t<div class=\"ow-pt-column ow-pt-last ow-pt-even\"\n\t\t\tstyle=\"width: 33.333%\">\n\t\t\t<div class=\"ow-pt-title\">\n\t\t\t\tPassives Mitglied\t\t\t\t\t\t\t\t\t<div class=\"ow-pt-subtitle\">\n\t\t\t\t\t\tzzgl. Aufnahmegeb\u00fchr 10 \u20ac\t\t\t\t\t<\/div>\n\t\t\t\t\t\t\t<\/div>\n\n\t\t\t<div class=\"ow-pt-details\">\n\t\t\t\t<div class=\"ow-pt-price\">\n\t\t\t\t\t30 \u20ac \/ Jahr\t\t\t\t<\/div>\n\t\t\t\t\t\t\t\t<div class=\"ow-pt-per\"><\/div>\n\t\t\t<\/div>\n\n\t\t\t\n\t\t\t<div class=\"ow-pt-features\">\n\t\t\t\t\t\t\t<\/div>\n\n\t\t\t\t\t\t\t<div class=\"ow-pt-button\">\n\t\t\t\t\t<a\n\t\t\t\t\t\thref=\"http:\/\/www.stv-rethel.de\/wordpress\/wp-content\/uploads\/2024\/12\/Aufnahmeantrag-Datenschutz.pdf\"\n\t\t\t\t\t\tclass=\"ow-pt-link\" target=\"_blank\" rel=\"noopener noreferrer\" \t\t\t\t\t>zum Aufnahmeantrag<\/a>\n\t\t\t\t<\/div>\n\t\t\t\t\t<\/div>\n\t\t<\/div>\n<\/div><\/div><\/div><\/div><\/div><div id=\"pg-22-1\"  class=\"panel-grid panel-no-style\" ><div id=\"pgc-22-1-0\"  class=\"panel-grid-cell\" ><div id=\"panel-22-1-0-0\" class=\"so-panel widget widget_sow-editor panel-first-child panel-last-child\" data-index=\"1\" ><div\n\t\t\t\n\t\t\tclass=\"so-widget-sow-editor so-widget-sow-editor-base\"\n\t\t\t\n\t\t>\n<div class=\"siteorigin-widget-tinymce textwidget\">\n\t<p><strong>Passive<\/strong> Mitglieder haben nicht das Recht an allen \u00dcbungsabenden teilzunehmen.<br \/>\nZur Teilnahme an Festen und Vereinsfahrten sind passive Mitglieder ebenso berechtig wie aktive Mitglieder.<\/p>\n<p><strong>Auszug \u00a7 7 Satzung<\/strong><br \/>\nVerm\u00f6gensrechtliche Anspr\u00fcche k\u00f6nnen beim Austritt eines Mitgliedes aus dem Verein von diesem nicht geltend gemacht werden. Ausgenommen sind Betr\u00e4ge, die dem Verein gegebene Darlehen oder Sachwerte darstellen. Der Wiedereintritt ausgetretener Mitglieder ist mit der Zahlung der Aufnahmegeb\u00fchr verbunden. Bei Beitragsr\u00fcckst\u00e4nden erfolgt eine schriftliche Mahnung. Wird dieser nicht Folge geleistet, so kann der Betrag mittels Postauftrages erhoben werden. Entstehende Kosten gehen zu Lasten des s\u00e4umigen Mitgliedes. Bei Zahlungsr\u00fcckst\u00e4nden von mehr als sechs Monaten erfolgt die Streichung von der Mitgliederliste, wobei sich der Verein alle Rechte aus den Beitragsr\u00fcckst\u00e4nden sowie deren gerichtliche Betreibung vorbeh\u00e4lt. Vereinsaustritte m\u00fcssen dem Vorstand schriftlich zum Kalendervierteljahr vorgelegt werden.<\/p>\n<p><strong>Anmeldung<\/strong><br \/>\nDie Anmeldung beim STV-Rethel e.V. geschieht in wenigen Minuten \u00fcber unser Anmeldeformular. <a title=\"Antrag_PDF\" href=\"http:\/\/www.stv-rethel.de\/wordpress\/wp-content\/uploads\/2024\/12\/Aufnahmeantrag-Datenschutz.pdf\" target=\"_blank\" rel=\"noopener\"> PDF-Datei<\/a><br \/>\nDu kannst dieses Formular online ausf\u00fcllen. Dann\u00a0ausdrucken, <span style=\"text-decoration: underline;\">unterschreiben<\/span>\u00a0und einfach\u00a0zum Sport mitbringen oder wieder einscannen und an unseren Vereinsvorstand\u00a0<a href=\"mailto:info@stv-rethel.de\" target=\"_blank\" rel=\"noopener\">senden<\/a>.<\/p>\n<p><strong>Bankverbindung<\/strong><br \/>\nDie Bankverbindung des STV-Rethel e.V.:<\/p>\n<p>Stadtsparkasse D\u00fcsseldorf<br \/>\nIBAN: DE68 3005 0110 1009 3479 13<br \/>\nBIC: DUSSDEDDXXX<\/p>\n<\/div>\n<\/div><\/div><\/div><\/div><\/div>","protected":false},"excerpt":{"rendered":"<p>Passive Mitglieder haben nicht das Recht an allen \u00dcbungsabenden teilzunehmen. Zur Teilnahme an Festen und Vereinsfahrten sind passive Mitglieder ebenso berechtig wie aktive Mitglieder. Auszug \u00a7 7 Satzung Verm\u00f6gensrechtliche Anspr\u00fcche k\u00f6nnen beim Austritt eines Mitgliedes aus dem Verein von diesem nicht geltend gemacht werden. Ausgenommen sind Betr\u00e4ge, die dem Verein gegebene Darlehen oder Sachwerte darstellen. [&hellip;]<\/p>\n","protected":false},"author":1,"featured_media":0,"parent":0,"menu_order":3,"comment_status":"closed","ping_status":"closed","template":"templates\/template-full.php","meta":{"footnotes":""},"class_list":["post-22","page","type-page","status-publish","hentry","post"],"_links":{"self":[{"href":"https:\/\/www.stv-rethel.de\/wordpress\/wp-json\/wp\/v2\/pages\/22","targetHints":{"allow":["GET"]}}],"collection":[{"href":"https:\/\/www.stv-rethel.de\/wordpress\/wp-json\/wp\/v2\/pages"}],"about":[{"href":"https:\/\/www.stv-rethel.de\/wordpress\/wp-json\/wp\/v2\/types\/page"}],"author":[{"embeddable":true,"href":"https:\/\/www.stv-rethel.de\/wordpress\/wp-json\/wp\/v2\/users\/1"}],"replies":[{"embeddable":true,"href":"https:\/\/www.stv-rethel.de\/wordpress\/wp-json\/wp\/v2\/comments?post=22"}],"version-history":[{"count":83,"href":"https:\/\/www.stv-rethel.de\/wordpress\/wp-json\/wp\/v2\/pages\/22\/revisions"}],"predecessor-version":[{"id":1687,"href":"https:\/\/www.stv-rethel.de\/wordpress\/wp-json\/wp\/v2\/pages\/22\/revisions\/1687"}],"wp:attachment":[{"href":"https:\/\/www.stv-rethel.de\/wordpress\/wp-json\/wp\/v2\/media?parent=22"}],"curies":[{"name":"wp","href":"https:\/\/api.w.org\/{rel}","templated":true}]}}