{"id":9,"date":"2014-11-03T14:37:04","date_gmt":"2014-11-03T12:37:04","guid":{"rendered":"http:\/\/www.stv-rethel.de\/wordpress\/?page_id=9"},"modified":"2024-06-04T09:46:24","modified_gmt":"2024-06-04T08:46:24","slug":"sport","status":"publish","type":"page","link":"https:\/\/www.stv-rethel.de\/wordpress\/sport\/","title":{"rendered":"Sport"},"content":{"rendered":"<div id=\"pl-9\"  class=\"panel-layout\" ><div id=\"pg-9-0\"  class=\"panel-grid panel-no-style\" ><div id=\"pgc-9-0-0\"  class=\"panel-grid-cell\" ><div id=\"panel-9-0-0-0\" class=\"so-panel widget widget_circleicon-widget panel-first-child panel-last-child\" data-index=\"0\" >\t\t<div class=\"circle-icon-box circle-icon-position-top circle-icon-hide-box circle-icon-size-large\">\n\t\t\t<div class=\"circle-icon-wrapper\">\n                <a href=\"\/wordpress\/sport\/fitness\/\" class=\"link-icon\">\t\t\t\t<div class=\"circle-icon\" style=\"background-image: url(https:\/\/www.stv-rethel.de\/wordpress\/wp-content\/uploads\/2015\/08\/Button_STV_Fitness.png)\">\n\t\t\t\t\t\t\t\t\t<\/div>\n                <\/a>\t\t\t<\/div>\n\n            <a href=\"\/wordpress\/sport\/fitness\/\" class=\"link-title\">\t\t\t<h4>Fitness<\/h4>            <\/a>\n\t\t\t<p class=\"text\">Mit Hanteln, Thera-B\u00e4ndern oder Kleinger\u00e4ten st\u00e4rken wir jeden Mittwochabend vielf\u00e4ltig Deine Fitness.<\/p>\t\t\t\t\t\t\t<a href=\"\/wordpress\/sport\/fitness\/\" class=\"more-button\">Weitere Informationen <i><\/i><\/a>\n\t\t\t\t\t<\/div>\n\t\t<\/div><\/div><div id=\"pgc-9-0-1\"  class=\"panel-grid-cell\" ><div id=\"panel-9-0-1-0\" class=\"so-panel widget widget_circleicon-widget panel-first-child panel-last-child\" data-index=\"1\" >\t\t<div class=\"circle-icon-box circle-icon-position-top circle-icon-hide-box circle-icon-size-large\">\n\t\t\t<div class=\"circle-icon-wrapper\">\n                <a href=\"\/wordpress\/sport\/basketball\/\" class=\"link-icon\">\t\t\t\t<div class=\"circle-icon\" style=\"background-image: url(https:\/\/www.stv-rethel.de\/wordpress\/wp-content\/uploads\/2015\/08\/Button_STV_Basketball.png)\">\n\t\t\t\t\t\t\t\t\t<\/div>\n                <\/a>\t\t\t<\/div>\n\n            <a href=\"\/wordpress\/sport\/basketball\/\" class=\"link-title\">\t\t\t<h4>Basketball<\/h4>            <\/a>\n\t\t\t<p class=\"text\">2 Stunden Training am Ball mit viel Spa\u00df und voller Power gibt es bei uns jeden Dienstag und Freitag Abend beim Basketball-Training<\/p>\t\t\t\t\t\t\t<a href=\"\/wordpress\/sport\/basketball\/\" class=\"more-button\">Weitere Informationen <i><\/i><\/a>\n\t\t\t\t\t<\/div>\n\t\t<\/div><\/div><div id=\"pgc-9-0-2\"  class=\"panel-grid-cell\" ><div id=\"panel-9-0-2-0\" class=\"so-panel widget widget_circleicon-widget panel-first-child panel-last-child\" data-index=\"2\" >\t\t<div class=\"circle-icon-box circle-icon-position-top circle-icon-hide-box circle-icon-size-large\">\n\t\t\t<div class=\"circle-icon-wrapper\">\n                <a href=\"\/wordpress\/sport\/nordic-walking\/\" class=\"link-icon\">\t\t\t\t<div class=\"circle-icon\" style=\"background-image: url(https:\/\/www.stv-rethel.de\/wordpress\/wp-content\/uploads\/2015\/08\/Button_STV_Walking.png)\">\n\t\t\t\t\t\t\t\t\t<\/div>\n                <\/a>\t\t\t<\/div>\n\n            <a href=\"\/wordpress\/sport\/nordic-walking\/\" class=\"link-title\">\t\t\t<h4>Nordic Walking<\/h4>            <\/a>\n\t\t\t<p class=\"text\">Natur und Sport vereint gibt es bei uns jeden Sonntagmorgen mit der Nordic Walking-Runde im Aaper und Grafenberger Wald.<\/p>\t\t\t\t\t\t\t<a href=\"\/wordpress\/sport\/nordic-walking\/\" class=\"more-button\">Weitere Informationen <i><\/i><\/a>\n\t\t\t\t\t<\/div>\n\t\t<\/div><\/div><\/div><\/div>","protected":false},"excerpt":{"rendered":"<p>Fitness Mit Hanteln, Thera-B\u00e4ndern oder Kleinger\u00e4ten st\u00e4rken wir jeden Mittwochabend vielf\u00e4ltig Deine Fitness. Weitere Informationen Basketball 2 Stunden Training am Ball mit viel Spa\u00df und voller Power gibt es bei uns jeden Dienstag und Freitag Abend beim Basketball-Training Weitere Informationen Nordic Walking Natur und Sport vereint gibt es bei uns jeden Sonntagmorgen mit der Nordic [&hellip;]<\/p>\n","protected":false},"author":1,"featured_media":0,"parent":0,"menu_order":1,"comment_status":"closed","ping_status":"closed","template":"templates\/template-full.php","meta":{"footnotes":""},"class_list":["post-9","page","type-page","status-publish","hentry","post"],"_links":{"self":[{"href":"https:\/\/www.stv-rethel.de\/wordpress\/wp-json\/wp\/v2\/pages\/9","targetHints":{"allow":["GET"]}}],"collection":[{"href":"https:\/\/www.stv-rethel.de\/wordpress\/wp-json\/wp\/v2\/pages"}],"about":[{"href":"https:\/\/www.stv-rethel.de\/wordpress\/wp-json\/wp\/v2\/types\/page"}],"author":[{"embeddable":true,"href":"https:\/\/www.stv-rethel.de\/wordpress\/wp-json\/wp\/v2\/users\/1"}],"replies":[{"embeddable":true,"href":"https:\/\/www.stv-rethel.de\/wordpress\/wp-json\/wp\/v2\/comments?post=9"}],"version-history":[{"count":20,"href":"https:\/\/www.stv-rethel.de\/wordpress\/wp-json\/wp\/v2\/pages\/9\/revisions"}],"predecessor-version":[{"id":1668,"href":"https:\/\/www.stv-rethel.de\/wordpress\/wp-json\/wp\/v2\/pages\/9\/revisions\/1668"}],"wp:attachment":[{"href":"https:\/\/www.stv-rethel.de\/wordpress\/wp-json\/wp\/v2\/media?parent=9"}],"curies":[{"name":"wp","href":"https:\/\/api.w.org\/{rel}","templated":true}]}}